{"id":8565,"date":"2023-07-04T23:57:38","date_gmt":"2023-07-04T23:57:38","guid":{"rendered":"https:\/\/azulhotelretreat.com\/?page_id=8565"},"modified":"2025-03-14T13:52:12","modified_gmt":"2025-03-14T19:52:12","slug":"politicas-de-cancelacion","status":"publish","type":"page","link":"https:\/\/azulhotelretreat.com\/es\/politicas-de-cancelacion\/","title":{"rendered":"Pol\u00edticas de Cancelaci\u00f3n"},"content":{"rendered":"\t\t<div data-elementor-type=\"wp-page\" data-elementor-id=\"8565\" class=\"elementor elementor-8565\" data-elementor-post-type=\"page\">\n\t\t\t\t\t\t<section class=\"elementor-section elementor-top-section elementor-element elementor-element-f22ad14 elementor-section-boxed elementor-section-height-default elementor-section-height-default\" data-id=\"f22ad14\" data-element_type=\"section\" data-e-type=\"section\" data-settings=\"{&quot;background_background&quot;:&quot;classic&quot;,&quot;hoteller_ext_is_background_parallax&quot;:&quot;false&quot;,&quot;hoteller_ext_is_background_on_scroll&quot;:&quot;false&quot;}\">\n\t\t\t\t\t\t<div class=\"elementor-container elementor-column-gap-default\">\n\t\t\t\t\t<div class=\"elementor-column elementor-col-100 elementor-top-column elementor-element elementor-element-9053a59\" data-id=\"9053a59\" data-element_type=\"column\" data-e-type=\"column\" data-settings=\"{&quot;hoteller_ext_link_sidemenu&quot;:&quot;false&quot;,&quot;hoteller_ext_link_fullmenu&quot;:&quot;false&quot;,&quot;hoteller_ext_link_closed_fullmenu&quot;:&quot;false&quot;,&quot;hoteller_ext_is_scrollme&quot;:&quot;false&quot;,&quot;hoteller_ext_is_smoove&quot;:&quot;false&quot;,&quot;hoteller_ext_is_parallax_mouse&quot;:&quot;false&quot;,&quot;hoteller_ext_is_infinite&quot;:&quot;false&quot;,&quot;hoteller_ext_is_fadeout_animation&quot;:&quot;false&quot;,&quot;hoteller_ext_mobile_static&quot;:&quot;false&quot;}\">\n\t\t\t<div class=\"elementor-widget-wrap elementor-element-populated\">\n\t\t\t\t\t\t<div class=\"elementor-element elementor-element-e833f71 elementor-widget elementor-widget-heading\" data-id=\"e833f71\" data-element_type=\"widget\" data-e-type=\"widget\" data-settings=\"{&quot;hoteller_ext_link_sidemenu&quot;:&quot;false&quot;,&quot;hoteller_ext_link_fullmenu&quot;:&quot;false&quot;,&quot;hoteller_ext_link_closed_fullmenu&quot;:&quot;false&quot;,&quot;hoteller_ext_is_scrollme&quot;:&quot;false&quot;,&quot;hoteller_ext_is_smoove&quot;:&quot;false&quot;,&quot;hoteller_ext_is_parallax_mouse&quot;:&quot;false&quot;,&quot;hoteller_ext_is_infinite&quot;:&quot;false&quot;,&quot;hoteller_ext_is_fadeout_animation&quot;:&quot;false&quot;,&quot;hoteller_ext_mobile_static&quot;:&quot;false&quot;}\" data-widget_type=\"heading.default\">\n\t\t\t\t<div class=\"elementor-widget-container\">\n\t\t\t\t\t<h2 class=\"elementor-heading-title elementor-size-default\">Pol\u00edticas de cancelaci\u00f3n<\/h2>\t\t\t\t<\/div>\n\t\t\t\t<\/div>\n\t\t\t\t\t<\/div>\n\t\t<\/div>\n\t\t\t\t\t<\/div>\n\t\t<\/section>\n\t\t\t\t<section class=\"elementor-section elementor-top-section elementor-element elementor-element-b02cb8c elementor-section-boxed elementor-section-height-default elementor-section-height-default\" data-id=\"b02cb8c\" data-element_type=\"section\" data-e-type=\"section\" data-settings=\"{&quot;hoteller_ext_is_background_parallax&quot;:&quot;false&quot;,&quot;hoteller_ext_is_background_on_scroll&quot;:&quot;false&quot;}\">\n\t\t\t\t\t\t<div class=\"elementor-container elementor-column-gap-custom\">\n\t\t\t\t\t<div class=\"elementor-column elementor-col-100 elementor-top-column elementor-element elementor-element-0cea790\" data-id=\"0cea790\" data-element_type=\"column\" data-e-type=\"column\" data-settings=\"{&quot;hoteller_ext_link_sidemenu&quot;:&quot;false&quot;,&quot;hoteller_ext_link_fullmenu&quot;:&quot;false&quot;,&quot;hoteller_ext_link_closed_fullmenu&quot;:&quot;false&quot;,&quot;hoteller_ext_is_scrollme&quot;:&quot;false&quot;,&quot;hoteller_ext_is_smoove&quot;:&quot;false&quot;,&quot;hoteller_ext_is_parallax_mouse&quot;:&quot;false&quot;,&quot;hoteller_ext_is_infinite&quot;:&quot;false&quot;,&quot;hoteller_ext_is_fadeout_animation&quot;:&quot;false&quot;,&quot;hoteller_ext_mobile_static&quot;:&quot;false&quot;}\">\n\t\t\t<div class=\"elementor-widget-wrap elementor-element-populated\">\n\t\t\t\t\t\t<div class=\"elementor-element elementor-element-dea198c elementor-widget elementor-widget-text-editor\" data-id=\"dea198c\" data-element_type=\"widget\" data-e-type=\"widget\" data-settings=\"{&quot;hoteller_ext_link_sidemenu&quot;:&quot;false&quot;,&quot;hoteller_ext_link_fullmenu&quot;:&quot;false&quot;,&quot;hoteller_ext_link_closed_fullmenu&quot;:&quot;false&quot;,&quot;hoteller_ext_is_scrollme&quot;:&quot;false&quot;,&quot;hoteller_ext_is_smoove&quot;:&quot;false&quot;,&quot;hoteller_ext_is_parallax_mouse&quot;:&quot;false&quot;,&quot;hoteller_ext_is_infinite&quot;:&quot;false&quot;,&quot;hoteller_ext_is_fadeout_animation&quot;:&quot;false&quot;,&quot;hoteller_ext_mobile_static&quot;:&quot;false&quot;}\" data-widget_type=\"text-editor.default\">\n\t\t\t\t<div class=\"elementor-widget-container\">\n\t\t\t\t\t\t\t\t\t<p>Nuestras pol\u00edticas de cancelaci\u00f3n var\u00edan por temporada y dependiendo de la tarifa seleccionada. Por favor consulte esta informaci\u00f3n en las condiciones de su reserva.<\/p><p><strong>Observaciones de la tarifa y m\u00e9todos de pago:<\/strong><br \/>-Las tarifas que se indican en d\u00f3lares estadounidenses, podr\u00e1n ser abonadas en Colones (\u00a2), al tipo de cambio oficial del banco Nacional de Costa Rica del d\u00eda de pago. Por favor cont\u00e1ctenos para enviarles los datos bancarios.<br \/>-El pago se podr\u00e1 realizar mediante tarjeta de cr\u00e9dito, VISA, MASTERCARD, AMERICAN EXPRESS. En este caso debe solicitar el env\u00edo de la liga de pago para el correcto cobro de este.<br \/>-Para informar pagos por favor dirigirse al correo electr\u00f3nico: <span style=\"color: #003366;\"><strong><a style=\"color: #003366;\" href=\"mailto:info@azulhotelretreat.com\">info@azulhotelretreat.com<\/a><\/strong><\/span> o al -Tel: <span style=\"color: #003366;\"><strong><a style=\"color: #003366;\" href=\"tel:+50640203030\">+506 60232985<\/a><\/strong><\/span><\/p>\t\t\t\t\t\t\t\t<\/div>\n\t\t\t\t<\/div>\n\t\t\t\t\t<\/div>\n\t\t<\/div>\n\t\t\t\t\t<\/div>\n\t\t<\/section>\n\t\t\t\t<\/div>\n\t\t","protected":false},"excerpt":{"rendered":"<p>Pol\u00edticas de cancelaci\u00f3n Nuestras pol\u00edticas de cancelaci\u00f3n var\u00edan por temporada y dependiendo de la tarifa seleccionada. Por favor consulte esta informaci\u00f3n en las condiciones de su reserva. Observaciones de la tarifa y m\u00e9todos de pago:-Las tarifas que se indican en [&hellip;]<\/p>\n","protected":false},"author":3,"featured_media":0,"parent":0,"menu_order":0,"comment_status":"closed","ping_status":"closed","template":"","meta":{"footnotes":""},"class_list":["post-8565","page","type-page","status-publish","hentry"],"publishpress_future_action":{"enabled":false,"date":"2026-05-15 23:02:28","action":"change-status","newStatus":"draft","terms":[],"taxonomy":"","extraData":[]},"publishpress_future_workflow_manual_trigger":{"enabledWorkflows":[]},"_links":{"self":[{"href":"https:\/\/azulhotelretreat.com\/es\/wp-json\/wp\/v2\/pages\/8565","targetHints":{"allow":["GET"]}}],"collection":[{"href":"https:\/\/azulhotelretreat.com\/es\/wp-json\/wp\/v2\/pages"}],"about":[{"href":"https:\/\/azulhotelretreat.com\/es\/wp-json\/wp\/v2\/types\/page"}],"author":[{"embeddable":true,"href":"https:\/\/azulhotelretreat.com\/es\/wp-json\/wp\/v2\/users\/3"}],"replies":[{"embeddable":true,"href":"https:\/\/azulhotelretreat.com\/es\/wp-json\/wp\/v2\/comments?post=8565"}],"version-history":[{"count":17,"href":"https:\/\/azulhotelretreat.com\/es\/wp-json\/wp\/v2\/pages\/8565\/revisions"}],"predecessor-version":[{"id":11177,"href":"https:\/\/azulhotelretreat.com\/es\/wp-json\/wp\/v2\/pages\/8565\/revisions\/11177"}],"wp:attachment":[{"href":"https:\/\/azulhotelretreat.com\/es\/wp-json\/wp\/v2\/media?parent=8565"}],"curies":[{"name":"wp","href":"https:\/\/api.w.org\/{rel}","templated":true}]}}