{"id":8551,"date":"2023-07-04T23:52:01","date_gmt":"2023-07-04T23:52:01","guid":{"rendered":"https:\/\/azulhotelretreat.com\/?page_id=8551"},"modified":"2025-03-14T13:48:24","modified_gmt":"2025-03-14T19:48:24","slug":"terminos-y-condiciones","status":"publish","type":"page","link":"https:\/\/azulhotelretreat.com\/es\/terminos-y-condiciones\/","title":{"rendered":"T\u00e9rminos y Condiciones"},"content":{"rendered":"\t\t<div data-elementor-type=\"wp-page\" data-elementor-id=\"8551\" class=\"elementor elementor-8551\" data-elementor-post-type=\"page\">\n\t\t\t\t\t\t<section class=\"elementor-section elementor-top-section elementor-element elementor-element-765d456d elementor-section-boxed elementor-section-height-default elementor-section-height-default\" data-id=\"765d456d\" data-element_type=\"section\" data-e-type=\"section\" data-settings=\"{&quot;background_background&quot;:&quot;classic&quot;,&quot;hoteller_ext_is_background_parallax&quot;:&quot;false&quot;,&quot;hoteller_ext_is_background_on_scroll&quot;:&quot;false&quot;}\">\n\t\t\t\t\t\t<div class=\"elementor-container elementor-column-gap-default\">\n\t\t\t\t\t<div class=\"elementor-column elementor-col-100 elementor-top-column elementor-element elementor-element-7f05905b\" data-id=\"7f05905b\" data-element_type=\"column\" data-e-type=\"column\" data-settings=\"{&quot;hoteller_ext_link_sidemenu&quot;:&quot;false&quot;,&quot;hoteller_ext_link_fullmenu&quot;:&quot;false&quot;,&quot;hoteller_ext_link_closed_fullmenu&quot;:&quot;false&quot;,&quot;hoteller_ext_is_scrollme&quot;:&quot;false&quot;,&quot;hoteller_ext_is_smoove&quot;:&quot;false&quot;,&quot;hoteller_ext_is_parallax_mouse&quot;:&quot;false&quot;,&quot;hoteller_ext_is_infinite&quot;:&quot;false&quot;,&quot;hoteller_ext_is_fadeout_animation&quot;:&quot;false&quot;,&quot;hoteller_ext_mobile_static&quot;:&quot;false&quot;}\">\n\t\t\t<div class=\"elementor-widget-wrap elementor-element-populated\">\n\t\t\t\t\t\t<div class=\"elementor-element elementor-element-12ba5ea elementor-widget elementor-widget-heading\" data-id=\"12ba5ea\" data-element_type=\"widget\" data-e-type=\"widget\" data-settings=\"{&quot;hoteller_ext_link_sidemenu&quot;:&quot;false&quot;,&quot;hoteller_ext_link_fullmenu&quot;:&quot;false&quot;,&quot;hoteller_ext_link_closed_fullmenu&quot;:&quot;false&quot;,&quot;hoteller_ext_is_scrollme&quot;:&quot;false&quot;,&quot;hoteller_ext_is_smoove&quot;:&quot;false&quot;,&quot;hoteller_ext_is_parallax_mouse&quot;:&quot;false&quot;,&quot;hoteller_ext_is_infinite&quot;:&quot;false&quot;,&quot;hoteller_ext_is_fadeout_animation&quot;:&quot;false&quot;,&quot;hoteller_ext_mobile_static&quot;:&quot;false&quot;}\" data-widget_type=\"heading.default\">\n\t\t\t\t<div class=\"elementor-widget-container\">\n\t\t\t\t\t<h2 class=\"elementor-heading-title elementor-size-default\">T\u00e9rminos y Condiciones<\/h2>\t\t\t\t<\/div>\n\t\t\t\t<\/div>\n\t\t\t\t\t<\/div>\n\t\t<\/div>\n\t\t\t\t\t<\/div>\n\t\t<\/section>\n\t\t\t\t<section class=\"elementor-section elementor-top-section elementor-element elementor-element-2a0353d1 elementor-section-boxed elementor-section-height-default elementor-section-height-default\" data-id=\"2a0353d1\" data-element_type=\"section\" data-e-type=\"section\" data-settings=\"{&quot;hoteller_ext_is_background_parallax&quot;:&quot;false&quot;,&quot;hoteller_ext_is_background_on_scroll&quot;:&quot;false&quot;}\">\n\t\t\t\t\t\t<div class=\"elementor-container elementor-column-gap-custom\">\n\t\t\t\t\t<div class=\"elementor-column elementor-col-100 elementor-top-column elementor-element elementor-element-3e4ec875\" data-id=\"3e4ec875\" data-element_type=\"column\" data-e-type=\"column\" data-settings=\"{&quot;hoteller_ext_link_sidemenu&quot;:&quot;false&quot;,&quot;hoteller_ext_link_fullmenu&quot;:&quot;false&quot;,&quot;hoteller_ext_link_closed_fullmenu&quot;:&quot;false&quot;,&quot;hoteller_ext_is_scrollme&quot;:&quot;false&quot;,&quot;hoteller_ext_is_smoove&quot;:&quot;false&quot;,&quot;hoteller_ext_is_parallax_mouse&quot;:&quot;false&quot;,&quot;hoteller_ext_is_infinite&quot;:&quot;false&quot;,&quot;hoteller_ext_is_fadeout_animation&quot;:&quot;false&quot;,&quot;hoteller_ext_mobile_static&quot;:&quot;false&quot;}\">\n\t\t\t<div class=\"elementor-widget-wrap elementor-element-populated\">\n\t\t\t\t\t\t<div class=\"elementor-element elementor-element-13b1c292 elementor-widget elementor-widget-text-editor\" data-id=\"13b1c292\" data-element_type=\"widget\" data-e-type=\"widget\" data-settings=\"{&quot;hoteller_ext_link_sidemenu&quot;:&quot;false&quot;,&quot;hoteller_ext_link_fullmenu&quot;:&quot;false&quot;,&quot;hoteller_ext_link_closed_fullmenu&quot;:&quot;false&quot;,&quot;hoteller_ext_is_scrollme&quot;:&quot;false&quot;,&quot;hoteller_ext_is_smoove&quot;:&quot;false&quot;,&quot;hoteller_ext_is_parallax_mouse&quot;:&quot;false&quot;,&quot;hoteller_ext_is_infinite&quot;:&quot;false&quot;,&quot;hoteller_ext_is_fadeout_animation&quot;:&quot;false&quot;,&quot;hoteller_ext_mobile_static&quot;:&quot;false&quot;}\" data-widget_type=\"text-editor.default\">\n\t\t\t\t<div class=\"elementor-widget-container\">\n\t\t\t\t\t\t\t\t\t<p><strong>Horarios check in y Check out:<\/strong><br \/>El hotel establece como horario de ingreso a partir de las 15hs, y como horario de salida, hasta las 12hs.<\/p><p><strong>Early Check In \u2013 Late Check Out:<\/strong><br \/><span style=\"font-family: Montserrat, sans-serif; font-size: 16px; font-style: normal; font-weight: 400; color: var( --e-global-color-primary );\">La tarifa de early check in y late check out es de $40 + impuestos <\/span><span style=\"font-size: 16px; color: var( --e-global-color-primary );\">para las entradas anticipadas entre las 09.00 y salidas posteriores entre las 12.00 y 18.00 hs. Sujeto a disponibilidad. <\/span>En el caso de que la entrada sea antes de las 09.00hs y la salida sea luego de las 18.00hs, se deber\u00e1 abonar el 100% de la noche.<\/p><p><strong>Espacios libres de humo<\/strong><br \/>No se permite fumar dentro de las habitaciones. En caso de incumplimiento pueden aplicar multas implicadas a costes de limpieza y sanitizaci\u00f3n de espacios.<\/p><p><strong>Mascotas<\/strong><br \/>El hotel No admite mascotas.<\/p><p><strong>Accesibilidad para personas con discapacidad o movilidad reducida o limitada.<\/strong><br \/>Contamos con 1 habitaci\u00f3n adaptada para personas con movilidad reducida. Sujeto a disponibilidad.<\/p><p><strong>Responsabilidad y Seguridad<\/strong><br \/>-El hotel provee una caja de seguridad en cada habitaci\u00f3n, por lo tanto, no se hace responsable por da\u00f1os o extrav\u00edos de art\u00edculos de valor dentro del hotel.<br \/>-Por otra parte, las habitaciones cuentan con objetos valiosos. El hu\u00e9sped ser\u00e1 responsable por cualquier da\u00f1o, robo o p\u00e9rdida. Todos los gastos incurridos por reparaci\u00f3n o reemplazo ser\u00e1n pagados por el hu\u00e9sped de acuerdo con la tarifa que el establecimiento le asigne.<br \/>-El hotel no se hace responsable de los cambios o cancelaciones que se relacionen o surjan como resultado de incendios, epidemias o riesgos para la salud, problemas t\u00e9cnicos con el transporte, retrasos en los vuelos debido al clima o por razones mec\u00e1nicas, aeropuertos o puertos cerrados o cualquier evento de fuerza mayor, que se encuentre fuera del control de la propiedad.<br \/>-Al hacer la reserva, usted acepta nuestras pol\u00edticas y condiciones.<\/p>\t\t\t\t\t\t\t\t<\/div>\n\t\t\t\t<\/div>\n\t\t\t\t\t<\/div>\n\t\t<\/div>\n\t\t\t\t\t<\/div>\n\t\t<\/section>\n\t\t\t\t<\/div>\n\t\t","protected":false},"excerpt":{"rendered":"<p>T\u00e9rminos y Condiciones Horarios check in y Check out:El hotel establece como horario de ingreso a partir de las 15hs, y como horario de salida, hasta las 12hs. Early Check In \u2013 Late Check Out:La tarifa de early check in [&hellip;]<\/p>\n","protected":false},"author":3,"featured_media":0,"parent":0,"menu_order":0,"comment_status":"closed","ping_status":"closed","template":"","meta":{"footnotes":""},"class_list":["post-8551","page","type-page","status-publish","hentry"],"publishpress_future_action":{"enabled":false,"date":"2026-05-15 23:03:11","action":"change-status","newStatus":"draft","terms":[],"taxonomy":"","extraData":[]},"publishpress_future_workflow_manual_trigger":{"enabledWorkflows":[]},"_links":{"self":[{"href":"https:\/\/azulhotelretreat.com\/es\/wp-json\/wp\/v2\/pages\/8551","targetHints":{"allow":["GET"]}}],"collection":[{"href":"https:\/\/azulhotelretreat.com\/es\/wp-json\/wp\/v2\/pages"}],"about":[{"href":"https:\/\/azulhotelretreat.com\/es\/wp-json\/wp\/v2\/types\/page"}],"author":[{"embeddable":true,"href":"https:\/\/azulhotelretreat.com\/es\/wp-json\/wp\/v2\/users\/3"}],"replies":[{"embeddable":true,"href":"https:\/\/azulhotelretreat.com\/es\/wp-json\/wp\/v2\/comments?post=8551"}],"version-history":[{"count":26,"href":"https:\/\/azulhotelretreat.com\/es\/wp-json\/wp\/v2\/pages\/8551\/revisions"}],"predecessor-version":[{"id":11174,"href":"https:\/\/azulhotelretreat.com\/es\/wp-json\/wp\/v2\/pages\/8551\/revisions\/11174"}],"wp:attachment":[{"href":"https:\/\/azulhotelretreat.com\/es\/wp-json\/wp\/v2\/media?parent=8551"}],"curies":[{"name":"wp","href":"https:\/\/api.w.org\/{rel}","templated":true}]}}